{"id":127,"date":"2013-02-04T17:41:06","date_gmt":"2013-02-04T17:41:06","guid":{"rendered":"http:\/\/www.hagelsrum.com\/?page_id=127"},"modified":"2016-01-15T14:46:54","modified_gmt":"2016-01-15T14:46:54","slug":"fotos-2","status":"publish","type":"page","link":"https:\/\/hagelsrum.com\/fotos-2\/","title":{"rendered":"Bilder"},"content":{"rendered":"<div id='gallery-1' class='gallery galleryid-127 gallery-columns-3 gallery-size-thumbnail'><figure class='gallery-item'>\n\t\t\t<div class='gallery-icon landscape'>\n\t\t\t\t<a href='https:\/\/hagelsrum.com\/fotos-2\/dsc_0296\/'><img loading=\"lazy\" decoding=\"async\" width=\"150\" height=\"150\" src=\"https:\/\/hagelsrum.com\/wp-content\/uploads\/2013\/02\/DSC_0296-150x150.jpg\" class=\"attachment-thumbnail size-thumbnail\" alt=\"\" \/><\/a>\n\t\t\t<\/div><\/figure><figure class='gallery-item'>\n\t\t\t<div class='gallery-icon landscape'>\n\t\t\t\t<a href='https:\/\/hagelsrum.com\/fotos-2\/dsc_0298\/'><img loading=\"lazy\" decoding=\"async\" width=\"150\" height=\"150\" src=\"https:\/\/hagelsrum.com\/wp-content\/uploads\/2013\/02\/DSC_0298-150x150.jpg\" class=\"attachment-thumbnail size-thumbnail\" alt=\"\" \/><\/a>\n\t\t\t<\/div><\/figure><figure class='gallery-item'>\n\t\t\t<div class='gallery-icon landscape'>\n\t\t\t\t<a href='https:\/\/hagelsrum.com\/fotos-2\/dsc_0305\/'><img loading=\"lazy\" decoding=\"async\" width=\"150\" height=\"150\" src=\"https:\/\/hagelsrum.com\/wp-content\/uploads\/2013\/02\/DSC_0305-150x150.jpg\" class=\"attachment-thumbnail size-thumbnail\" alt=\"\" \/><\/a>\n\t\t\t<\/div><\/figure><figure class='gallery-item'>\n\t\t\t<div class='gallery-icon landscape'>\n\t\t\t\t<a href='https:\/\/hagelsrum.com\/fotos-2\/dsc_0307\/'><img loading=\"lazy\" decoding=\"async\" width=\"150\" height=\"150\" src=\"https:\/\/hagelsrum.com\/wp-content\/uploads\/2013\/02\/DSC_0307-150x150.jpg\" class=\"attachment-thumbnail size-thumbnail\" alt=\"\" \/><\/a>\n\t\t\t<\/div><\/figure><figure class='gallery-item'>\n\t\t\t<div class='gallery-icon landscape'>\n\t\t\t\t<a href='https:\/\/hagelsrum.com\/fotos-2\/dsc_0317\/'><img loading=\"lazy\" decoding=\"async\" width=\"150\" height=\"150\" src=\"https:\/\/hagelsrum.com\/wp-content\/uploads\/2013\/02\/DSC_0317-150x150.jpg\" class=\"attachment-thumbnail size-thumbnail\" alt=\"\" \/><\/a>\n\t\t\t<\/div><\/figure><figure class='gallery-item'>\n\t\t\t<div class='gallery-icon landscape'>\n\t\t\t\t<a href='https:\/\/hagelsrum.com\/fotos-2\/dsc_0324\/'><img loading=\"lazy\" decoding=\"async\" width=\"150\" height=\"150\" src=\"https:\/\/hagelsrum.com\/wp-content\/uploads\/2013\/02\/DSC_0324-150x150.jpg\" class=\"attachment-thumbnail size-thumbnail\" alt=\"\" \/><\/a>\n\t\t\t<\/div><\/figure><figure class='gallery-item'>\n\t\t\t<div class='gallery-icon landscape'>\n\t\t\t\t<a href='https:\/\/hagelsrum.com\/fotos-2\/dsc_0327\/'><img loading=\"lazy\" decoding=\"async\" width=\"150\" height=\"150\" src=\"https:\/\/hagelsrum.com\/wp-content\/uploads\/2013\/02\/DSC_0327-150x150.jpg\" class=\"attachment-thumbnail size-thumbnail\" alt=\"\" \/><\/a>\n\t\t\t<\/div><\/figure><figure class='gallery-item'>\n\t\t\t<div class='gallery-icon landscape'>\n\t\t\t\t<a href='https:\/\/hagelsrum.com\/fotos-2\/dsc_0345\/'><img loading=\"lazy\" decoding=\"async\" width=\"150\" height=\"150\" src=\"https:\/\/hagelsrum.com\/wp-content\/uploads\/2013\/02\/DSC_0345-150x150.jpg\" class=\"attachment-thumbnail size-thumbnail\" alt=\"\" \/><\/a>\n\t\t\t<\/div><\/figure><figure class='gallery-item'>\n\t\t\t<div class='gallery-icon landscape'>\n\t\t\t\t<a href='https:\/\/hagelsrum.com\/fotos-2\/dsc_0399\/'><img loading=\"lazy\" decoding=\"async\" width=\"150\" height=\"150\" src=\"https:\/\/hagelsrum.com\/wp-content\/uploads\/2013\/02\/DSC_0399-150x150.jpg\" class=\"attachment-thumbnail size-thumbnail\" alt=\"\" \/><\/a>\n\t\t\t<\/div><\/figure><figure class='gallery-item'>\n\t\t\t<div class='gallery-icon landscape'>\n\t\t\t\t<a href='https:\/\/hagelsrum.com\/fotos-2\/dsc_0481\/'><img loading=\"lazy\" decoding=\"async\" width=\"150\" height=\"150\" src=\"https:\/\/hagelsrum.com\/wp-content\/uploads\/2013\/02\/DSC_0481-150x150.jpg\" class=\"attachment-thumbnail size-thumbnail\" alt=\"\" \/><\/a>\n\t\t\t<\/div><\/figure><figure class='gallery-item'>\n\t\t\t<div class='gallery-icon landscape'>\n\t\t\t\t<a href='https:\/\/hagelsrum.com\/fotos-2\/dsc_0503\/'><img loading=\"lazy\" decoding=\"async\" width=\"150\" height=\"150\" src=\"https:\/\/hagelsrum.com\/wp-content\/uploads\/2013\/02\/DSC_0503-150x150.jpg\" class=\"attachment-thumbnail size-thumbnail\" alt=\"\" \/><\/a>\n\t\t\t<\/div><\/figure><figure class='gallery-item'>\n\t\t\t<div class='gallery-icon landscape'>\n\t\t\t\t<a href='https:\/\/hagelsrum.com\/fotos-2\/dsc_0504\/'><img loading=\"lazy\" decoding=\"async\" width=\"150\" height=\"150\" src=\"https:\/\/hagelsrum.com\/wp-content\/uploads\/2013\/02\/DSC_0504-150x150.jpg\" class=\"attachment-thumbnail size-thumbnail\" alt=\"\" \/><\/a>\n\t\t\t<\/div><\/figure><figure class='gallery-item'>\n\t\t\t<div class='gallery-icon landscape'>\n\t\t\t\t<a href='https:\/\/hagelsrum.com\/fotos-2\/dsc_0510\/'><img loading=\"lazy\" decoding=\"async\" width=\"150\" height=\"150\" src=\"https:\/\/hagelsrum.com\/wp-content\/uploads\/2013\/02\/DSC_0510-150x150.jpg\" class=\"attachment-thumbnail size-thumbnail\" alt=\"\" \/><\/a>\n\t\t\t<\/div><\/figure><figure class='gallery-item'>\n\t\t\t<div class='gallery-icon landscape'>\n\t\t\t\t<a href='https:\/\/hagelsrum.com\/fotos-2\/dsc_0518\/'><img loading=\"lazy\" decoding=\"async\" width=\"150\" height=\"150\" src=\"https:\/\/hagelsrum.com\/wp-content\/uploads\/2013\/02\/DSC_0518-150x150.jpg\" class=\"attachment-thumbnail size-thumbnail\" alt=\"\" \/><\/a>\n\t\t\t<\/div><\/figure>\n\t\t<\/div>\n\n<p><strong>Nr.1\u00a0 Bygga p\u00e5 en v\u00e5ning\u00a0 f\u00f6rut &#8211; efter\u00e5t\u00a0\u00a0\u00a0\u00a0\u00a0 \/\u00a0\u00a0 \u00a0 Aufstockung\u00a0 vorher\u00a0 &#8211;\u00a0 nachher<br \/>\n<\/strong><\/p>\n<p>[nggallery id=4]<\/p>\n<p><strong>Nr.2 Takl\u00e4ggning med glaserade Lertegel, Gaveltegel och Nocktegel<\/strong><\/p>\n<p>[nggallery id=22]<\/p>\n<p>&nbsp;<\/p>\n<p><strong>Husfassad \u00a0 \u00a0 f\u00f6rut\u00a0 &#8211;\u00a0 efter\u00e5t\u00a0\u00a0\u00a0\u00a0\u00a0\u00a0 \/\u00a0\u00a0 \u00a0 Hausfassade \u00a0 vorher\u00a0 &#8211;\u00a0 nachher<br \/>\n<\/strong><\/p>\n<p>[nggallery id=5]<\/p>\n<p>&nbsp;<\/p>\n<p><strong>Takstol och Takoml\u00e4ggning f\u00f6rut &#8211; efter\u00e5t \u00a0\u00a0\u00a0 \/\u00a0\u00a0\u00a0\u00a0 Dachstuhl und Dachumdeckung<br \/>\n<\/strong><\/p>\n<p>[nggallery id=8]<\/p>\n<p><strong><em>takoml\u00e4ggning med fastebro f\u00f6rut &#8211; efter\u00e5t\u00a0 \/ Dachumdeckung mit Vordach<br \/>\n<\/em><\/strong><\/p>\n<p>[nggallery id=17]<\/p>\n<p><strong><em>takoml\u00e4ggning med takkupa f\u00f6rut &#8211; efter\u00e5t \/ Dachumdeckung mit Dachgaube<br \/>\n<\/em><\/strong><\/p>\n<p>[nggallery id=15]<\/p>\n<p><strong><em>takstol med Betongtegel och takkupa \/ Dachstuhl mit Betongziegel und Gaube<br \/>\n<\/em><\/strong><\/p>\n<p>[nggallery id=18]<\/p>\n<p>&nbsp;<\/p>\n<p><strong>Fastebro\u00a0\u00a0\u00a0 \/\u00a0\u00a0\u00a0\u00a0 Vordach<br \/>\n<\/strong><\/p>\n<p>[nggallery id=7]<\/p>\n<p><strong><em>lite mindre fastebro \/ kleineres Vordach<br \/>\n<\/em><\/strong><\/p>\n<p>[nggallery id=16]<\/p>\n<p>&nbsp;<\/p>\n<p><strong>Carport<br \/>\n<\/strong><\/p>\n<p>[nggallery id=12]<\/p>\n<p><strong><em>dubbel carport<\/em><\/strong><\/p>\n<p>[nggallery id=14]<\/p>\n<p>&nbsp;<\/p>\n<p><strong>Veranda<\/strong><\/p>\n<p>[nggallery id=11]<\/p>\n<p>&nbsp;<\/p>\n<p><strong>Veranda<\/strong><\/p>\n<p>[nggallery id=10]<\/p>\n<p><strong>altan<\/strong><\/p>\n<p>[nggallery id=19]<\/p>\n<p><strong>innomhus panelv\u00e4g paneltak och tr\u00e4golv<\/strong><\/p>\n<p>[nggallery id=20]<\/p>\n","protected":false},"excerpt":{"rendered":"<p>Nr.1\u00a0 Bygga p\u00e5 en v\u00e5ning\u00a0 f\u00f6rut &#8211; efter\u00e5t\u00a0\u00a0\u00a0\u00a0\u00a0 \/\u00a0\u00a0 \u00a0 Aufstockung\u00a0 vorher\u00a0 &#8211;\u00a0 nachher [nggallery id=4] Nr.2 Takl\u00e4ggning med glaserade Lertegel, Gaveltegel och Nocktegel [nggallery id=22] &nbsp; Husfassad \u00a0 \u00a0 f\u00f6rut\u00a0 &#8211;\u00a0 efter\u00e5t\u00a0\u00a0\u00a0\u00a0\u00a0\u00a0 \/\u00a0\u00a0 \u00a0 Hausfassade \u00a0 vorher\u00a0 &#8211;\u00a0 nachher [nggallery id=5] &nbsp; Takstol och Takoml\u00e4ggning f\u00f6rut &#8211; efter\u00e5t \u00a0\u00a0\u00a0 \/\u00a0\u00a0\u00a0\u00a0 Dachstuhl und Dachumdeckung [nggallery &hellip; <a href=\"https:\/\/hagelsrum.com\/fotos-2\/\" class=\"more-link\"><span class=\"screen-reader-text\">Bilder<\/span> weiterlesen<\/a><\/p>\n","protected":false},"author":1,"featured_media":0,"parent":0,"menu_order":0,"comment_status":"closed","ping_status":"open","template":"","meta":{"footnotes":""},"class_list":["post-127","page","type-page","status-publish","hentry"],"_links":{"self":[{"href":"https:\/\/hagelsrum.com\/wp-json\/wp\/v2\/pages\/127","targetHints":{"allow":["GET"]}}],"collection":[{"href":"https:\/\/hagelsrum.com\/wp-json\/wp\/v2\/pages"}],"about":[{"href":"https:\/\/hagelsrum.com\/wp-json\/wp\/v2\/types\/page"}],"author":[{"embeddable":true,"href":"https:\/\/hagelsrum.com\/wp-json\/wp\/v2\/users\/1"}],"replies":[{"embeddable":true,"href":"https:\/\/hagelsrum.com\/wp-json\/wp\/v2\/comments?post=127"}],"version-history":[{"count":29,"href":"https:\/\/hagelsrum.com\/wp-json\/wp\/v2\/pages\/127\/revisions"}],"predecessor-version":[{"id":246,"href":"https:\/\/hagelsrum.com\/wp-json\/wp\/v2\/pages\/127\/revisions\/246"}],"wp:attachment":[{"href":"https:\/\/hagelsrum.com\/wp-json\/wp\/v2\/media?parent=127"}],"curies":[{"name":"wp","href":"https:\/\/api.w.org\/{rel}","templated":true}]}}